{"id":59,"date":"2009-12-01T21:54:36","date_gmt":"2009-12-01T20:54:36","guid":{"rendered":"http:\/\/www.jorf.se\/wordpress\/?page_id=59"},"modified":"2026-03-26T11:45:37","modified_gmt":"2026-03-26T10:45:37","slug":"styrelsen","status":"publish","type":"page","link":"https:\/\/www.jorf.se\/?page_id=59","title":{"rendered":"Styrelsen"},"content":{"rendered":"<ul>\n<li>Ulla Falkdalen &#8211; Ordf\u00f6rande<\/li>\n<li>Andreas Eriksson &#8211; Kass\u00f6r och redakt\u00f6r<\/li>\n<li>Daniel Hedenbo &#8211; Sekreterare<\/li>\n<li>Anne Siivola &#8211; Ledamot<\/li>\n<li>Thomas Holmberg &#8211; Ledamot<\/li>\n<li>Sixten Lindblom &#8211; Ledamot<\/li>\n<li>Kristoffer Holmsten &#8211; Suppleant<\/li>\n<li>Christer P\u00e5lsson- Suppleant<\/li>\n<li>Gunnar Kvarnl\u00f6f &#8211; Suppleant<\/li>\n<li>Eva Johansson &#8211; Suppleant<\/li>\n<li>\u00d6rjan Sellberg &#8211; Suppleant<\/li>\n<li>Elisabeth Olsson Hedin &#8211; Suppleant<\/li>\n<li>Kent Mo\u00e9n &#8211; Suppleant<\/li>\n<li>Kikki Enebog &#8211; Revisor<\/li>\n<li>Johannes Enebog &#8211; Revisor<\/li>\n<\/ul>\n<h3 id=\"Alkemar\">Presskontakter:<\/h3>\n<p>Thomas Holmberg\u00a0 073-0583630<\/p>\n<p>thho46 (at) gmail.com<\/p>\n<p>Kristofer Holmsten \u00a0070-548 29 34<\/p>\n<p>kristofer.holmsten (at) gmail.com<\/p>\n","protected":false},"excerpt":{"rendered":"<p>Ulla Falkdalen &#8211; Ordf\u00f6rande Andreas Eriksson &#8211; Kass\u00f6r och redakt\u00f6r Daniel Hedenbo &#8211; Sekreterare Anne Siivola &#8211; Ledamot Thomas Holmberg &#8211; Ledamot Sixten Lindblom &#8211; Ledamot Kristoffer Holmsten &#8211; Suppleant Christer P\u00e5lsson- Suppleant Gunnar Kvarnl\u00f6f &#8211; Suppleant Eva Johansson &#8211; Suppleant \u00d6rjan Sellberg &#8211; Suppleant Elisabeth Olsson Hedin &#8211; Suppleant Kent Mo\u00e9n &#8211; Suppleant Kikki [&hellip;]<\/p>\n","protected":false},"author":1,"featured_media":0,"parent":0,"menu_order":30,"comment_status":"closed","ping_status":"closed","template":"","meta":{"footnotes":""},"_links":{"self":[{"href":"https:\/\/www.jorf.se\/index.php?rest_route=\/wp\/v2\/pages\/59"}],"collection":[{"href":"https:\/\/www.jorf.se\/index.php?rest_route=\/wp\/v2\/pages"}],"about":[{"href":"https:\/\/www.jorf.se\/index.php?rest_route=\/wp\/v2\/types\/page"}],"author":[{"embeddable":true,"href":"https:\/\/www.jorf.se\/index.php?rest_route=\/wp\/v2\/users\/1"}],"replies":[{"embeddable":true,"href":"https:\/\/www.jorf.se\/index.php?rest_route=%2Fwp%2Fv2%2Fcomments&post=59"}],"version-history":[{"count":168,"href":"https:\/\/www.jorf.se\/index.php?rest_route=\/wp\/v2\/pages\/59\/revisions"}],"predecessor-version":[{"id":4475,"href":"https:\/\/www.jorf.se\/index.php?rest_route=\/wp\/v2\/pages\/59\/revisions\/4475"}],"wp:attachment":[{"href":"https:\/\/www.jorf.se\/index.php?rest_route=%2Fwp%2Fv2%2Fmedia&parent=59"}],"curies":[{"name":"wp","href":"https:\/\/api.w.org\/{rel}","templated":true}]}}