{"id":14,"date":"2009-12-01T20:05:44","date_gmt":"2009-12-01T19:05:44","guid":{"rendered":"http:\/\/www.jorf.se\/wordpress\/?page_id=14"},"modified":"2016-02-21T12:38:18","modified_gmt":"2016-02-21T11:38:18","slug":"annsjons-fagelstation","status":"publish","type":"page","link":"https:\/\/www.jorf.se\/?page_id=14","title":{"rendered":"\u00c5nnsj\u00f6ns f\u00e5gelstation"},"content":{"rendered":"<p><strong> <\/strong><\/p>\n<p><strong><\/p>\n<div id=\"attachment_473\" style=\"width: 310px\" class=\"wp-caption alignright\"><strong><a href=\"http:\/\/www.jorf.se\/wp-content\/uploads\/2009\/12\/Hand\u00f6lsdeltat-1-2.jpg\"><img loading=\"lazy\" decoding=\"async\" aria-describedby=\"caption-attachment-473\" class=\"size-medium wp-image-473\" title=\"Hand\u00f6lsdeltat 1-2\" src=\"http:\/\/www.jorf.se\/wp-content\/uploads\/2009\/12\/Hand\u00f6lsdeltat-1-2-300x212.jpg\" alt=\"\" width=\"300\" height=\"212\" srcset=\"https:\/\/www.jorf.se\/wp-content\/uploads\/2009\/12\/Hand\u00f6lsdeltat-1-2-300x212.jpg 300w, https:\/\/www.jorf.se\/wp-content\/uploads\/2009\/12\/Hand\u00f6lsdeltat-1-2.jpg 1024w\" sizes=\"(max-width: 300px) 100vw, 300px\" \/><\/a><\/strong><p id=\"caption-attachment-473\" class=\"wp-caption-text\">Hand\u00f6lsdeltat. Foto: Ulla Falkdalen<\/p><\/div>\n<p><\/strong><\/p>\n<p><strong>\u00c5nnsj\u00f6ns f\u00e5gelstation<\/strong> drivs av JORF via dotterf\u00f6reningen\u00a0<em>F\u00f6reningen \u00c5nnsj\u00f6ns f\u00e5gelstation<\/em>. F\u00e5gelstationen grundades 1988 och \u00e4r placerad i Hand\u00f6l vid \u00c5nnsj\u00f6n i v\u00e4stra J\u00e4mtland, inte l\u00e5ngt fr\u00e5n Storlien och den norska gr\u00e4nsen. Varje \u00e5r genomf\u00f6rs ett antal forskningsprojekt f\u00f6r att unders\u00f6ka f\u00e5gelpopulationernas utveckling i omr\u00e5det. Detta g\u00f6rs bland annat med fj\u00e4llrutter, myrinventeringar, inventeringar av dubbelbeckasin och ringm\u00e4rkning av fr\u00e4mst sm\u00e5f\u00e5glar. Alla som vill \u00e4r varmt v\u00e4lkomna att delta i dessa projekt, se f\u00e5gelstationens\u00a0<a style=\"text-decoration: none; color: #3366bb; background-image: url(http:\/\/jorf.se\/wiki\/skins\/monobook\/external.png); background-repeat: no-repeat; background-attachment: initial; -webkit-background-clip: initial; -webkit-background-origin: initial; background-color: initial; padding-right: 13px; background-position: 100% 50%;\" title=\"http:\/\/www.annsjon.org\" rel=\"nofollow\" href=\"http:\/\/www.annsjon.org\/\">hemsida<\/a>f\u00f6r mer information. Du som \u00e4r nyfiken p\u00e5 n\u00e4tf\u00e5ngst och ringm\u00e4rkning av sm\u00e5f\u00e5glar kan jobba som assistent de veckor d\u00e5 vi har minst en erfaren ringm\u00e4rkare p\u00e5 plats.<\/p>\n","protected":false},"excerpt":{"rendered":"<p>\u00c5nnsj\u00f6ns f\u00e5gelstation drivs av JORF via dotterf\u00f6reningen\u00a0F\u00f6reningen \u00c5nnsj\u00f6ns f\u00e5gelstation. F\u00e5gelstationen grundades 1988 och \u00e4r placerad i Hand\u00f6l vid \u00c5nnsj\u00f6n i v\u00e4stra J\u00e4mtland, inte l\u00e5ngt fr\u00e5n Storlien och den norska gr\u00e4nsen. Varje \u00e5r genomf\u00f6rs ett antal forskningsprojekt f\u00f6r att unders\u00f6ka f\u00e5gelpopulationernas utveckling i omr\u00e5det. Detta g\u00f6rs bland annat med fj\u00e4llrutter, myrinventeringar, inventeringar av dubbelbeckasin och ringm\u00e4rkning [&hellip;]<\/p>\n","protected":false},"author":1,"featured_media":0,"parent":0,"menu_order":70,"comment_status":"open","ping_status":"open","template":"","meta":{"footnotes":""},"_links":{"self":[{"href":"https:\/\/www.jorf.se\/index.php?rest_route=\/wp\/v2\/pages\/14"}],"collection":[{"href":"https:\/\/www.jorf.se\/index.php?rest_route=\/wp\/v2\/pages"}],"about":[{"href":"https:\/\/www.jorf.se\/index.php?rest_route=\/wp\/v2\/types\/page"}],"author":[{"embeddable":true,"href":"https:\/\/www.jorf.se\/index.php?rest_route=\/wp\/v2\/users\/1"}],"replies":[{"embeddable":true,"href":"https:\/\/www.jorf.se\/index.php?rest_route=%2Fwp%2Fv2%2Fcomments&post=14"}],"version-history":[{"count":5,"href":"https:\/\/www.jorf.se\/index.php?rest_route=\/wp\/v2\/pages\/14\/revisions"}],"predecessor-version":[{"id":1602,"href":"https:\/\/www.jorf.se\/index.php?rest_route=\/wp\/v2\/pages\/14\/revisions\/1602"}],"wp:attachment":[{"href":"https:\/\/www.jorf.se\/index.php?rest_route=%2Fwp%2Fv2%2Fmedia&parent=14"}],"curies":[{"name":"wp","href":"https:\/\/api.w.org\/{rel}","templated":true}]}}