{"id":96,"date":"2009-12-02T14:25:02","date_gmt":"2009-12-02T13:25:02","guid":{"rendered":"http:\/\/www.jorf.se\/wordpress\/?page_id=96"},"modified":"2016-02-21T12:38:04","modified_gmt":"2016-02-21T11:38:04","slug":"gastbok-2","status":"publish","type":"page","link":"http:\/\/www.jorf.se\/?page_id=96","title":{"rendered":"G\u00e4stboken"},"content":{"rendered":"<p>I g\u00e4stboken f\u00e5r du g\u00e4rna skriva om dina f\u00e5gelobservationer, men sj\u00e4lvklart inte h\u00e4ckningsplatser f\u00f6r k\u00e4nsliga arter som jaktfalk, pilgrimsfalk och kungs\u00f6rn. Rapportera g\u00e4rna dina observationer\u00a0\u00e4ven\u00a0till <a href=\"http:\/\/www.artportalen.se\/birds\/\">Artportalen<\/a>!<\/p>\n<p>Skriv i g\u00e4stboken genom att kommentera p\u00e5 denna sida nedan. Om du vill kan du registrera dig och logga in, men det g\u00e5r bra att skriva oinloggat.<\/p>\n","protected":false},"excerpt":{"rendered":"<p>I g\u00e4stboken f\u00e5r du g\u00e4rna skriva om dina f\u00e5gelobservationer, men sj\u00e4lvklart inte h\u00e4ckningsplatser f\u00f6r k\u00e4nsliga arter som jaktfalk, pilgrimsfalk och kungs\u00f6rn. Rapportera g\u00e4rna dina observationer\u00a0\u00e4ven\u00a0till Artportalen! Skriv i g\u00e4stboken genom att kommentera p\u00e5 denna sida nedan. Om du vill kan du registrera dig och logga in, men det g\u00e5r bra att skriva oinloggat.<\/p>\n","protected":false},"author":1,"featured_media":0,"parent":0,"menu_order":60,"comment_status":"open","ping_status":"open","template":"","meta":{"footnotes":""},"_links":{"self":[{"href":"http:\/\/www.jorf.se\/index.php?rest_route=\/wp\/v2\/pages\/96"}],"collection":[{"href":"http:\/\/www.jorf.se\/index.php?rest_route=\/wp\/v2\/pages"}],"about":[{"href":"http:\/\/www.jorf.se\/index.php?rest_route=\/wp\/v2\/types\/page"}],"author":[{"embeddable":true,"href":"http:\/\/www.jorf.se\/index.php?rest_route=\/wp\/v2\/users\/1"}],"replies":[{"embeddable":true,"href":"http:\/\/www.jorf.se\/index.php?rest_route=%2Fwp%2Fv2%2Fcomments&post=96"}],"version-history":[{"count":8,"href":"http:\/\/www.jorf.se\/index.php?rest_route=\/wp\/v2\/pages\/96\/revisions"}],"predecessor-version":[{"id":2354,"href":"http:\/\/www.jorf.se\/index.php?rest_route=\/wp\/v2\/pages\/96\/revisions\/2354"}],"wp:attachment":[{"href":"http:\/\/www.jorf.se\/index.php?rest_route=%2Fwp%2Fv2%2Fmedia&parent=96"}],"curies":[{"name":"wp","href":"https:\/\/api.w.org\/{rel}","templated":true}]}}