{"id":27,"date":"2009-12-01T20:19:56","date_gmt":"2009-12-01T19:19:56","guid":{"rendered":"http:\/\/www.jorf.se\/wordpress\/?page_id=27"},"modified":"2019-09-17T21:15:22","modified_gmt":"2019-09-17T19:15:22","slug":"foreningstidsskriften","status":"publish","type":"page","link":"http:\/\/www.jorf.se\/?page_id=27","title":{"rendered":"F\u00f6reningstidskriften"},"content":{"rendered":"<p><strong>F\u00e5glar i J\u00e4mtland-H\u00e4rjedalen<\/strong> \u00e4r JORF:s f\u00f6reningstidskrift. Medlemmar erh\u00e5ller utan extra kostnad tidskriften som utkommer med 2-4 nummer per \u00e5r. Vi har p\u00e5b\u00f6rjat en \u00f6verg\u00e5ng till digital utgivning f\u00f6r att spara milj\u00f6, arbete och tryckkostnader. Digitala nummer av tidskriften finns h\u00e4r; <a href=\"http:\/\/www.jorf.se\/?attachment_id=2363\" rel=\"attachment wp-att-2363\">FiJH_2012_4<\/a>\u00a0\u00a0<a href=\"http:\/\/www.jorf.se\/?attachment_id=2364\" rel=\"attachment wp-att-2364\">FiJH_2013_4<\/a>\u00a0 \u00a0 \u00a0<a href=\"http:\/\/www.jorf.se\/?attachment_id=2366\" rel=\"attachment wp-att-2366\">FiJH_2014_1<\/a>\u00a0 \u00a0<a href=\"http:\/\/www.jorf.se\/?attachment_id=2371\" rel=\"attachment wp-att-2371\">FiJH_2014_2<\/a>\u00a0 \u00a0<a href=\"http:\/\/www.jorf.se\/?attachment_id=2373\" rel=\"attachment wp-att-2373\">FiJH_2014_3-4<\/a>\u00a0 <a href=\"http:\/\/www.jorf.se\/?attachment_id=2375\" rel=\"attachment wp-att-2375\">FiJH_2015_1<\/a>\u00a0\u00a0\u00a0<a href=\"http:\/\/www.jorf.se\/?attachment_id=2431\" rel=\"attachment wp-att-2431\">FiJH20152<\/a>\u00a0\u00a0<a href=\"http:\/\/www.jorf.se\/?attachment_id=2435\" rel=\"attachment wp-att-2435\">FiJH20161<\/a><\/p>\n<p><strong>Redakt\u00f6r<\/strong><\/p>\n<p>\u00d6rjan Sellberg<\/p>\n<p>Odensalagatan 38C<\/p>\n<p>831 44 \u00d6stersund<\/p>\n<p>070-338 49 95<\/p>\n<p>orjansellberg (at)bredband.net<\/p>\n<p><a href=\"http:\/\/www.jorf.se\/wp-content\/uploads\/2009\/12\/FiJH-2-2012.jpg\"><img loading=\"lazy\" decoding=\"async\" class=\"alignnone wp-image-1572\" style=\"margin-top: 10px; margin-bottom: 10px;\" title=\"FiJH 2-2012\" src=\"http:\/\/www.jorf.se\/wp-content\/uploads\/2009\/12\/FiJH-2-2012.jpg\" alt=\"\" width=\"256\" height=\"363\" srcset=\"http:\/\/www.jorf.se\/wp-content\/uploads\/2009\/12\/FiJH-2-2012.jpg 427w, http:\/\/www.jorf.se\/wp-content\/uploads\/2009\/12\/FiJH-2-2012-211x300.jpg 211w\" sizes=\"(max-width: 256px) 100vw, 256px\" \/><\/a><a href=\"http:\/\/www.jorf.se\/wp-content\/uploads\/2009\/12\/FiJH-3-2012.jpg\"><img loading=\"lazy\" decoding=\"async\" class=\"alignnone wp-image-1626\" style=\"margin: 10px;\" title=\"FiJH 3-2012\" src=\"http:\/\/www.jorf.se\/wp-content\/uploads\/2009\/12\/FiJH-3-2012-211x300.jpg\" alt=\"\" width=\"256\" height=\"363\" srcset=\"http:\/\/www.jorf.se\/wp-content\/uploads\/2009\/12\/FiJH-3-2012-211x300.jpg 211w, http:\/\/www.jorf.se\/wp-content\/uploads\/2009\/12\/FiJH-3-2012.jpg 470w\" sizes=\"(max-width: 256px) 100vw, 256px\" \/><\/a><\/p>\n","protected":false},"excerpt":{"rendered":"<p>F\u00e5glar i J\u00e4mtland-H\u00e4rjedalen \u00e4r JORF:s f\u00f6reningstidskrift. Medlemmar erh\u00e5ller utan extra kostnad tidskriften som utkommer med 2-4 nummer per \u00e5r. Vi har p\u00e5b\u00f6rjat en \u00f6verg\u00e5ng till digital utgivning f\u00f6r att spara milj\u00f6, arbete och tryckkostnader. Digitala nummer av tidskriften finns h\u00e4r; FiJH_2012_4\u00a0\u00a0FiJH_2013_4\u00a0 \u00a0 \u00a0FiJH_2014_1\u00a0 \u00a0FiJH_2014_2\u00a0 \u00a0FiJH_2014_3-4\u00a0 FiJH_2015_1\u00a0\u00a0\u00a0FiJH20152\u00a0\u00a0FiJH20161 Redakt\u00f6r \u00d6rjan Sellberg Odensalagatan 38C 831 44 \u00d6stersund 070-338 [&hellip;]<\/p>\n","protected":false},"author":1,"featured_media":0,"parent":0,"menu_order":80,"comment_status":"open","ping_status":"open","template":"","meta":{"footnotes":""},"_links":{"self":[{"href":"http:\/\/www.jorf.se\/index.php?rest_route=\/wp\/v2\/pages\/27"}],"collection":[{"href":"http:\/\/www.jorf.se\/index.php?rest_route=\/wp\/v2\/pages"}],"about":[{"href":"http:\/\/www.jorf.se\/index.php?rest_route=\/wp\/v2\/types\/page"}],"author":[{"embeddable":true,"href":"http:\/\/www.jorf.se\/index.php?rest_route=\/wp\/v2\/users\/1"}],"replies":[{"embeddable":true,"href":"http:\/\/www.jorf.se\/index.php?rest_route=%2Fwp%2Fv2%2Fcomments&post=27"}],"version-history":[{"count":41,"href":"http:\/\/www.jorf.se\/index.php?rest_route=\/wp\/v2\/pages\/27\/revisions"}],"predecessor-version":[{"id":2953,"href":"http:\/\/www.jorf.se\/index.php?rest_route=\/wp\/v2\/pages\/27\/revisions\/2953"}],"wp:attachment":[{"href":"http:\/\/www.jorf.se\/index.php?rest_route=%2Fwp%2Fv2%2Fmedia&parent=27"}],"curies":[{"name":"wp","href":"https:\/\/api.w.org\/{rel}","templated":true}]}}